{"id":23,"date":"2025-06-02T17:27:06","date_gmt":"2025-06-02T17:27:06","guid":{"rendered":"https:\/\/convex-solutions.de\/kontakt\/"},"modified":"2025-10-23T20:31:31","modified_gmt":"2025-10-23T20:31:31","slug":"kontakt","status":"publish","type":"page","link":"https:\/\/convex-solutions.de\/en\/kontakt\/","title":{"rendered":"Contact"},"content":{"rendered":"<div class=\"wp-block-group alignfull has-foreground-background-color has-background has-global-padding is-layout-constrained wp-block-group-is-layout-constrained\" style=\"margin-top:0;margin-bottom:0;padding-top:0;padding-bottom:0\">\n<div class=\"wp-block-group alignwide has-global-padding is-layout-constrained wp-block-group-is-layout-constrained\" style=\"padding-top:var(--wp--preset--spacing--30);padding-bottom:var(--wp--preset--spacing--30)\">\n<h1 class=\"wp-block-heading alignwide has-background-color has-text-color\" style=\"font-size:clamp(0.875rem, 0.875rem + ((1vw - 0.2rem) * 0.625), 1.25rem);\">Contact<\/h1>\n<\/div>\n<\/div>\n\n\n\n<div class=\"wp-block-group alignfull has-tertiary-background-color has-background has-global-padding is-layout-constrained wp-block-group-is-layout-constrained\" id=\"kontakt\" style=\"margin-top:0;margin-bottom:0;padding-top:var(--wp--preset--spacing--60);padding-bottom:var(--wp--preset--spacing--60)\">\n<div class=\"wp-block-columns alignwide is-layout-flex wp-container-core-columns-is-layout-47c06fe3 wp-block-columns-is-layout-flex\">\n<div class=\"wp-block-column is-layout-flow wp-block-column-is-layout-flow\" style=\"flex-basis:50%\">\n<figure class=\"wp-block-image has-custom-border\"><img loading=\"lazy\" decoding=\"async\" width=\"1440\" height=\"960\" class=\"wp-image-54\" src=\"https:\/\/convex-solutions.de\/wp-content\/uploads\/2025\/10\/e7322dbf5a0ecc89520f808a3df11d938de985d8.jpg\" alt=\"\" style=\"border-radius:1rem;aspect-ratio:3\/4;object-fit:cover\" srcset=\"https:\/\/convex-solutions.de\/wp-content\/uploads\/2025\/10\/e7322dbf5a0ecc89520f808a3df11d938de985d8.jpg 1440w, https:\/\/convex-solutions.de\/wp-content\/uploads\/2025\/10\/e7322dbf5a0ecc89520f808a3df11d938de985d8-300x200.jpg 300w, https:\/\/convex-solutions.de\/wp-content\/uploads\/2025\/10\/e7322dbf5a0ecc89520f808a3df11d938de985d8-1024x683.jpg 1024w, https:\/\/convex-solutions.de\/wp-content\/uploads\/2025\/10\/e7322dbf5a0ecc89520f808a3df11d938de985d8-768x512.jpg 768w\" sizes=\"auto, (max-width: 1440px) 100vw, 1440px\" \/><\/figure>\n<\/div>\n\n\n\n<div class=\"wp-block-column is-layout-flow wp-block-column-is-layout-flow\" style=\"flex-basis:50%\">\n<div class=\"wp-block-group has-global-padding is-layout-constrained wp-block-group-is-layout-constrained\" style=\"margin-bottom:var(--wp--preset--spacing--40)\">\n<h2 class=\"wp-block-heading has-large-font-size\">Contact ConvEx Solutions for tailored IT consulting.<\/h2>\n\n\n\n<p style=\"margin-top:1rem\">Here you will find all the important information to contact us directly.<\/p>\n<\/div>\n\n\n\n<div class=\"wp-block-contact-form-7-contact-form-selector\">\n<div class=\"wpcf7 no-js\" id=\"wpcf7-f22-o1\" lang=\"de-DE\" dir=\"ltr\" data-wpcf7-id=\"22\">\n<div class=\"screen-reader-response\"><p role=\"status\" aria-live=\"polite\" aria-atomic=\"true\"><\/p> <ul><\/ul><\/div>\n<form action=\"\/en\/wp-json\/wp\/v2\/pages\/23#wpcf7-f22-o1\" method=\"post\" class=\"wpcf7-form init\" aria-label=\"Kontaktformular\" novalidate=\"novalidate\" data-status=\"init\" data-trp-original-action=\"\/en\/wp-json\/wp\/v2\/pages\/23#wpcf7-f22-o1\">\n<fieldset class=\"hidden-fields-container\"><input type=\"hidden\" name=\"_wpcf7\" value=\"22\" \/><input type=\"hidden\" name=\"_wpcf7_version\" value=\"6.1.6\" \/><input type=\"hidden\" name=\"_wpcf7_locale\" value=\"de_DE\" \/><input type=\"hidden\" name=\"_wpcf7_unit_tag\" value=\"wpcf7-f22-o1\" \/><input type=\"hidden\" name=\"_wpcf7_container_post\" value=\"0\" \/><input type=\"hidden\" name=\"_wpcf7_posted_data_hash\" value=\"\" \/>\n<\/fieldset>\n<p><label> Your name<br \/>\n<span class=\"wpcf7-form-control-wrap\" data-name=\"your-name\"><input size=\"40\" maxlength=\"400\" class=\"wpcf7-form-control wpcf7-text wpcf7-validates-as-required\" autocomplete=\"name\" aria-required=\"true\" aria-invalid=\"false\" value=\"\" type=\"text\" name=\"your-name\" \/><\/span> <\/label>\n<\/p>\n<p><label> Your email address<br \/>\n<span class=\"wpcf7-form-control-wrap\" data-name=\"your-email\"><input size=\"40\" maxlength=\"400\" class=\"wpcf7-form-control wpcf7-email wpcf7-validates-as-required wpcf7-text wpcf7-validates-as-email\" autocomplete=\"email\" aria-required=\"true\" aria-invalid=\"false\" value=\"\" type=\"email\" name=\"your-email\" \/><\/span> <\/label>\n<\/p>\n<p><label> subject<br \/>\n<span class=\"wpcf7-form-control-wrap\" data-name=\"your-subject\"><input size=\"40\" maxlength=\"400\" class=\"wpcf7-form-control wpcf7-text wpcf7-validates-as-required\" aria-required=\"true\" aria-invalid=\"false\" value=\"\" type=\"text\" name=\"your-subject\" \/><\/span> <\/label>\n<\/p>\n<p><label> Your message (optional)<br \/>\n<span class=\"wpcf7-form-control-wrap\" data-name=\"your-message\"><textarea cols=\"40\" rows=\"10\" maxlength=\"2000\" class=\"wpcf7-form-control wpcf7-textarea\" aria-invalid=\"false\" name=\"your-message\"><\/textarea><\/span> <\/label>\n<\/p>\n<p><label> product<br \/>\n<span class=\"wpcf7-form-control-wrap\" data-name=\"Produkt\"><select class=\"wpcf7-form-control wpcf7-select wpcf7-validates-as-required\" aria-required=\"true\" aria-invalid=\"false\" name=\"Produkt\"><option value=\"ERPx\">ERPx<\/option><option value=\"ERP MS7\/CR\">ERP MS7\/CR<\/option><option value=\"Andere\/Others\">Andere\/Others<\/option><\/select><\/span><br \/>\n<\/label><label> Service<br \/>\n<span class=\"wpcf7-form-control-wrap\" data-name=\"Projektart\"><select class=\"wpcf7-form-control wpcf7-select wpcf7-validates-as-required\" aria-required=\"true\" aria-invalid=\"false\" name=\"Projektart\"><option value=\"Einf\u00fchrung\/Implementation\">Einf\u00fchrung\/Implementation<\/option><option value=\"Optimierung\/Optimization\">Optimierung\/Optimization<\/option><option value=\"Support\">Support<\/option><\/select><\/span><br \/>\n<input class=\"wpcf7-form-control wpcf7-submit has-spinner\" type=\"submit\" value=\"Send\" \/><\/label>\n<\/p><div class=\"wpcf7-response-output\" aria-hidden=\"true\"><\/div>\n<input type=\"hidden\" name=\"trp-form-language\" value=\"en\"\/><\/form>\n<\/div>\n<\/div>\n<\/div>\n<\/div>\n<\/div>\n\n\n\n<div class=\"wp-block-group alignfull has-background-background-color has-background has-global-padding is-layout-constrained wp-block-group-is-layout-constrained\" style=\"margin-top:0;margin-bottom:0;padding-top:var(--wp--preset--spacing--60);padding-bottom:var(--wp--preset--spacing--60)\">\n<div class=\"wp-block-columns alignwide are-vertically-aligned-center has-tertiary-background-color has-background is-layout-flex wp-container-core-columns-is-layout-55a977bd wp-block-columns-is-layout-flex\" style=\"border-radius:1.5rem;padding-top:var(--wp--preset--spacing--40);padding-right:var(--wp--preset--spacing--40);padding-bottom:var(--wp--preset--spacing--40);padding-left:var(--wp--preset--spacing--40)\">\n<div class=\"wp-block-column is-vertically-aligned-center is-layout-flow wp-block-column-is-layout-flow\" style=\"flex-basis:40%\">\n<figure class=\"wp-block-image has-custom-border\"><img loading=\"lazy\" decoding=\"async\" width=\"1440\" height=\"961\" class=\"wp-image-55\" src=\"https:\/\/convex-solutions.de\/wp-content\/uploads\/2025\/10\/f55fe246ba778e3b561a2bec3c0e081c01f566b0.jpg\" alt=\"\" style=\"border-radius:1.5rem;aspect-ratio:1;object-fit:cover\" srcset=\"https:\/\/convex-solutions.de\/wp-content\/uploads\/2025\/10\/f55fe246ba778e3b561a2bec3c0e081c01f566b0.jpg 1440w, https:\/\/convex-solutions.de\/wp-content\/uploads\/2025\/10\/f55fe246ba778e3b561a2bec3c0e081c01f566b0-300x200.jpg 300w, https:\/\/convex-solutions.de\/wp-content\/uploads\/2025\/10\/f55fe246ba778e3b561a2bec3c0e081c01f566b0-1024x683.jpg 1024w, https:\/\/convex-solutions.de\/wp-content\/uploads\/2025\/10\/f55fe246ba778e3b561a2bec3c0e081c01f566b0-768x513.jpg 768w\" sizes=\"auto, (max-width: 1440px) 100vw, 1440px\" \/><\/figure>\n<\/div>\n\n\n\n<div class=\"wp-block-column is-vertically-aligned-center is-layout-flow wp-block-column-is-layout-flow\" style=\"flex-basis:50%\">\n<div class=\"wp-block-group has-global-padding is-content-justification-left is-layout-constrained wp-container-core-group-is-layout-cdff7eec wp-block-group-is-layout-constrained\" style=\"padding-top:var(--wp--preset--spacing--30);padding-right:0;padding-bottom:var(--wp--preset--spacing--30);padding-left:0\">\n<h2 class=\"wp-block-heading\" style=\"margin-top:12px\">Individuelle Prozessberatung f\u00fcr messbare Ergebnisse<\/h2>\n\n\n\n<p class=\"has-medium-font-size\" style=\"margin-top:16px\">Kontaktieren Sie uns, um ma\u00dfgeschneiderte IT-L\u00f6sungen zu entdecken, die Ihre Gesch\u00e4ftsprozesse optimieren. Unser Team steht bereit, um Ihre Fragen zu beantworten und Sie kompetent zu beraten.<\/p>\n\n\n\n<div class=\"wp-block-buttons is-layout-flex wp-container-core-buttons-is-layout-12dcd427 wp-block-buttons-is-layout-flex\" style=\"margin-top:var(--wp--preset--spacing--40)\">\n<div class=\"wp-block-button\"><a class=\"wp-block-button__link wp-element-button\" href=\"https:\/\/convex-solutions.de\/en\/kontakt\/\">Jetzt kontaktieren<\/a><\/div>\n<\/div>\n<\/div>\n<\/div>\n<\/div>\n<\/div>","protected":false},"excerpt":{"rendered":"<p>Kontakt Kontaktieren Sie ConvEx Solutions f\u00fcr ma\u00dfgeschneiderte IT-Beratung Hier finden Sie alle wichtigen Informationen, um uns direkt zu erreichen Individuelle Prozessberatung f\u00fcr messbare Ergebnisse Kontaktieren Sie uns, um ma\u00dfgeschneiderte IT-L\u00f6sungen zu entdecken, die Ihre Gesch\u00e4ftsprozesse optimieren. Unser Team steht bereit, um Ihre Fragen zu beantworten und Sie kompetent zu beraten.<\/p>","protected":false},"author":1,"featured_media":0,"parent":0,"menu_order":0,"comment_status":"closed","ping_status":"closed","template":"no-title","meta":{"footnotes":""},"class_list":["post-23","page","type-page","status-publish","hentry"],"aioseo_notices":[],"_links":{"self":[{"href":"https:\/\/convex-solutions.de\/en\/wp-json\/wp\/v2\/pages\/23","targetHints":{"allow":["GET"]}}],"collection":[{"href":"https:\/\/convex-solutions.de\/en\/wp-json\/wp\/v2\/pages"}],"about":[{"href":"https:\/\/convex-solutions.de\/en\/wp-json\/wp\/v2\/types\/page"}],"author":[{"embeddable":true,"href":"https:\/\/convex-solutions.de\/en\/wp-json\/wp\/v2\/users\/1"}],"replies":[{"embeddable":true,"href":"https:\/\/convex-solutions.de\/en\/wp-json\/wp\/v2\/comments?post=23"}],"version-history":[{"count":3,"href":"https:\/\/convex-solutions.de\/en\/wp-json\/wp\/v2\/pages\/23\/revisions"}],"predecessor-version":[{"id":56,"href":"https:\/\/convex-solutions.de\/en\/wp-json\/wp\/v2\/pages\/23\/revisions\/56"}],"wp:attachment":[{"href":"https:\/\/convex-solutions.de\/en\/wp-json\/wp\/v2\/media?parent=23"}],"curies":[{"name":"wp","href":"https:\/\/api.w.org\/{rel}","templated":true}]}}